{"id":248,"date":"2022-04-14T14:02:55","date_gmt":"2022-04-14T13:02:55","guid":{"rendered":"https:\/\/vincrea.com\/?page_id=248"},"modified":"2023-07-09T08:20:24","modified_gmt":"2023-07-09T07:20:24","slug":"contact","status":"publish","type":"page","link":"https:\/\/vincrea.com\/en\/contact\/","title":{"rendered":"Contact"},"content":{"rendered":"\t\t<div data-elementor-type=\"wp-page\" data-elementor-id=\"248\" class=\"elementor elementor-248\" data-elementor-post-type=\"page\">\n\t\t\t\t\t\t<section class=\"elementor-section elementor-top-section elementor-element elementor-element-5255c55 elementor-section-content-middle elementor-section-boxed elementor-section-height-default elementor-section-height-default\" data-id=\"5255c55\" data-element_type=\"section\" data-e-type=\"section\">\n\t\t\t\t\t\t<div class=\"elementor-container elementor-column-gap-default\">\n\t\t\t\t\t<div class=\"elementor-column elementor-col-100 elementor-top-column elementor-element elementor-element-840b88c\" data-id=\"840b88c\" data-element_type=\"column\" data-e-type=\"column\">\n\t\t\t<div class=\"elementor-widget-wrap elementor-element-populated\">\n\t\t\t\t\t\t<div class=\"elementor-element elementor-element-64e0b3a elementor-widget elementor-widget-heading\" data-id=\"64e0b3a\" data-element_type=\"widget\" data-e-type=\"widget\" data-widget_type=\"heading.default\">\n\t\t\t\t<div class=\"elementor-widget-container\">\n\t\t\t\t\t<h1 class=\"elementor-heading-title elementor-size-default\">Ne soyez pas timide,<br \/> dites-moi comment vous aider.<\/h1>\t\t\t\t<\/div>\n\t\t\t\t<\/div>\n\t\t\t\t<div class=\"elementor-element elementor-element-ade07b3 contact-button elementor-button-align-stretch elementor-widget elementor-widget-form\" data-id=\"ade07b3\" data-element_type=\"widget\" data-e-type=\"widget\" data-settings=\"{&quot;button_width&quot;:&quot;100&quot;,&quot;step_type&quot;:&quot;number_text&quot;,&quot;step_icon_shape&quot;:&quot;circle&quot;}\" data-widget_type=\"form.default\">\n\t\t\t\t<div class=\"elementor-widget-container\">\n\t\t\t\t\t\t\t<form class=\"elementor-form\" method=\"post\" name=\"Demande de contact\">\n\t\t\t<input type=\"hidden\" name=\"post_id\" value=\"248\"\/>\n\t\t\t<input type=\"hidden\" name=\"form_id\" value=\"ade07b3\"\/>\n\t\t\t<input type=\"hidden\" name=\"referer_title\" value=\"VinCrea &#8211; Motion Designer Freelance\" \/>\n\n\t\t\t\n\t\t\t<div class=\"elementor-form-fields-wrapper elementor-labels-above\">\n\t\t\t\t\t\t\t\t<div class=\"elementor-field-type-text elementor-field-group elementor-column elementor-field-group-name elementor-col-100\">\n\t\t\t\t\t\t\t\t\t\t\t\t<label for=\"form-field-name\" class=\"elementor-field-label\">\n\t\t\t\t\t\t\t\tVotre nom\t\t\t\t\t\t\t<\/label>\n\t\t\t\t\t\t\t\t\t\t\t\t\t\t<input size=\"1\" type=\"text\" name=\"form_fields[name]\" id=\"form-field-name\" class=\"elementor-field elementor-size-sm  elementor-field-textual\">\n\t\t\t\t\t\t\t\t\t\t\t<\/div>\n\t\t\t\t\t\t\t\t<div class=\"elementor-field-type-email elementor-field-group elementor-column elementor-field-group-email elementor-col-100 elementor-field-required\">\n\t\t\t\t\t\t\t\t\t\t\t\t<label for=\"form-field-email\" class=\"elementor-field-label\">\n\t\t\t\t\t\t\t\tE-mail\t\t\t\t\t\t\t<\/label>\n\t\t\t\t\t\t\t\t\t\t\t\t\t\t<input size=\"1\" type=\"email\" name=\"form_fields[email]\" id=\"form-field-email\" class=\"elementor-field elementor-size-sm  elementor-field-textual\" required=\"required\" aria-required=\"true\">\n\t\t\t\t\t\t\t\t\t\t\t<\/div>\n\t\t\t\t\t\t\t\t<div class=\"elementor-field-type-textarea elementor-field-group elementor-column elementor-field-group-message elementor-col-100 elementor-field-required\">\n\t\t\t\t\t\t\t\t\t\t\t\t<label for=\"form-field-message\" class=\"elementor-field-label\">\n\t\t\t\t\t\t\t\tDe quoi avez-vous besoin ?\t\t\t\t\t\t\t<\/label>\n\t\t\t\t\t\t<textarea class=\"elementor-field-textual elementor-field  elementor-size-sm\" name=\"form_fields[message]\" id=\"form-field-message\" rows=\"8\" required=\"required\" aria-required=\"true\"><\/textarea>\t\t\t\t<\/div>\n\t\t\t\t\t\t\t\t<div class=\"elementor-field-group elementor-column elementor-field-type-submit elementor-col-100 e-form__buttons\">\n\t\t\t\t\t<button type=\"submit\" class=\"elementor-button elementor-size-sm elementor-animation-grow\">\n\t\t\t\t\t\t<span >\n\t\t\t\t\t\t\t\t\t\t\t\t\t\t\t<span class=\" elementor-button-icon\">\n\t\t\t\t\t\t\t\t\t\t\t\t\t\t\t\t\t\t\t\t\t\t\t\t\t\t<\/span>\n\t\t\t\t\t\t\t\t\t\t\t\t\t\t\t\t\t\t\t\t\t\t<span class=\"elementor-button-text\">Envoyer<\/span>\n\t\t\t\t\t\t\t\t\t\t\t\t\t<\/span>\n\t\t\t\t\t<\/button>\n\t\t\t\t<\/div>\n\t\t\t<\/div>\n\t\t<\/form>\n\t\t\t\t\t\t<\/div>\n\t\t\t\t<\/div>\n\t\t\t\t<div class=\"elementor-element elementor-element-bddcc76 elementor-widget elementor-widget-heading\" data-id=\"bddcc76\" data-element_type=\"widget\" data-e-type=\"widget\" data-widget_type=\"heading.default\">\n\t\t\t\t<div class=\"elementor-widget-container\">\n\t\t\t\t\t<h2 class=\"elementor-heading-title elementor-size-default\">Agence ou studio ?<\/h2>\t\t\t\t<\/div>\n\t\t\t\t<\/div>\n\t\t\t\t<div class=\"elementor-element elementor-element-6f3bbc1 elementor-widget elementor-widget-text-editor\" data-id=\"6f3bbc1\" data-element_type=\"widget\" data-e-type=\"widget\" data-widget_type=\"text-editor.default\">\n\t\t\t\t<div class=\"elementor-widget-container\">\n\t\t\t\t\t\t\t\t\t<p>Besoin d&rsquo;un talent suppl\u00e9mentaire sur votre projet ? Je serai ravi d&rsquo;int\u00e9grer votre \u00e9quipe sur du moyen ou long terme afin de collaborer avec vous sur des projets de grande envergure.<\/p>\t\t\t\t\t\t\t\t<\/div>\n\t\t\t\t<\/div>\n\t\t\t\t\t<\/div>\n\t\t<\/div>\n\t\t\t\t\t<\/div>\n\t\t<\/section>\n\t\t\t\t<\/div>\n\t\t","protected":false},"excerpt":{"rendered":"<p>Ne soyez pas timide, dites-moi comment vous aider. Agence ou studio ? Besoin d&rsquo;un talent suppl\u00e9mentaire sur votre projet ? Je serai ravi d&rsquo;int\u00e9grer votre \u00e9quipe sur du moyen ou long terme afin de collaborer avec vous sur des projets de grande envergure.<\/p>","protected":false},"author":1,"featured_media":0,"parent":0,"menu_order":0,"comment_status":"closed","ping_status":"closed","template":"elementor_header_footer","meta":{"footnotes":""},"class_list":["post-248","page","type-page","status-publish","hentry","entry"],"yoast_head":"<!-- This site is optimized with the Yoast SEO plugin v27.4 - https:\/\/yoast.com\/product\/yoast-seo-wordpress\/ -->\n<title>Contact - VinCrea - Motion Designer Freelance<\/title>\n<meta name=\"description\" content=\"Motion Designer Freelance Senior. Contacter Vincent Bonnet et recevez une r\u00e9ponse sous 24h par mail ou par t\u00e9l\u00e9phone.\" \/>\n<meta name=\"robots\" content=\"index, follow, max-snippet:-1, max-image-preview:large, max-video-preview:-1\" \/>\n<link rel=\"canonical\" href=\"https:\/\/vincrea.com\/en\/contact\/\" \/>\n<meta property=\"og:locale\" content=\"en_US\" \/>\n<meta property=\"og:type\" content=\"article\" \/>\n<meta property=\"og:title\" content=\"VinCrea Motion Designer - Demander un devis\" \/>\n<meta property=\"og:description\" content=\"Illustrateur et Motion Designer freelance bas\u00e9 sur Marseille mais travaillant pour le monde entier. Disponible par email et t\u00e9l\u00e9phone.\" \/>\n<meta property=\"og:url\" content=\"https:\/\/vincrea.com\/en\/contact\/\" \/>\n<meta property=\"og:site_name\" content=\"VinCrea - Motion Designer Freelance\" \/>\n<meta property=\"article:modified_time\" content=\"2023-07-09T07:20:24+00:00\" \/>\n<meta property=\"og:image\" content=\"https:\/\/vincrea.com\/wp-content\/uploads\/2022\/12\/BAnniere-Linkedin-V2.png\" \/>\n\t<meta property=\"og:image:width\" content=\"1584\" \/>\n\t<meta property=\"og:image:height\" content=\"396\" \/>\n\t<meta property=\"og:image:type\" content=\"image\/png\" \/>\n<meta name=\"twitter:label1\" content=\"Est. reading time\" \/>\n\t<meta name=\"twitter:data1\" content=\"1 minute\" \/>\n<script type=\"application\/ld+json\" class=\"yoast-schema-graph\">{\"@context\":\"https:\\\/\\\/schema.org\",\"@graph\":[{\"@type\":\"WebPage\",\"@id\":\"https:\\\/\\\/vincrea.com\\\/contact\\\/\",\"url\":\"https:\\\/\\\/vincrea.com\\\/contact\\\/\",\"name\":\"Contact - VinCrea - Motion Designer Freelance\",\"isPartOf\":{\"@id\":\"https:\\\/\\\/vincrea.com\\\/#website\"},\"datePublished\":\"2022-04-14T13:02:55+00:00\",\"dateModified\":\"2023-07-09T07:20:24+00:00\",\"description\":\"Motion Designer Freelance Senior. Contacter Vincent Bonnet et recevez une r\u00e9ponse sous 24h par mail ou par t\u00e9l\u00e9phone.\",\"inLanguage\":\"en-US\",\"potentialAction\":[{\"@type\":\"ReadAction\",\"target\":[\"https:\\\/\\\/vincrea.com\\\/contact\\\/\"]}]},{\"@type\":\"WebSite\",\"@id\":\"https:\\\/\\\/vincrea.com\\\/#website\",\"url\":\"https:\\\/\\\/vincrea.com\\\/\",\"name\":\"VinCrea - Motion Designer Freelance\",\"description\":\"\",\"publisher\":{\"@id\":\"https:\\\/\\\/vincrea.com\\\/#organization\"},\"potentialAction\":[{\"@type\":\"SearchAction\",\"target\":{\"@type\":\"EntryPoint\",\"urlTemplate\":\"https:\\\/\\\/vincrea.com\\\/?s={search_term_string}\"},\"query-input\":{\"@type\":\"PropertyValueSpecification\",\"valueRequired\":true,\"valueName\":\"search_term_string\"}}],\"inLanguage\":\"en-US\"},{\"@type\":\"Organization\",\"@id\":\"https:\\\/\\\/vincrea.com\\\/#organization\",\"name\":\"VinCrea - Motion Designer Freelance\",\"url\":\"https:\\\/\\\/vincrea.com\\\/\",\"logo\":{\"@type\":\"ImageObject\",\"inLanguage\":\"en-US\",\"@id\":\"https:\\\/\\\/vincrea.com\\\/#\\\/schema\\\/logo\\\/image\\\/\",\"url\":\"https:\\\/\\\/vincrea.com\\\/wp-content\\\/uploads\\\/2022\\\/04\\\/cropped-Favicon_V3.png\",\"contentUrl\":\"https:\\\/\\\/vincrea.com\\\/wp-content\\\/uploads\\\/2022\\\/04\\\/cropped-Favicon_V3.png\",\"width\":1000,\"height\":1000,\"caption\":\"VinCrea - Motion Designer Freelance\"},\"image\":{\"@id\":\"https:\\\/\\\/vincrea.com\\\/#\\\/schema\\\/logo\\\/image\\\/\"}}]}<\/script>\n<!-- \/ Yoast SEO plugin. -->","yoast_head_json":{"title":"Contact - VinCrea - Motion Designer Freelance","description":"Motion Designer Freelance Senior. Contacter Vincent Bonnet et recevez une r\u00e9ponse sous 24h par mail ou par t\u00e9l\u00e9phone.","robots":{"index":"index","follow":"follow","max-snippet":"max-snippet:-1","max-image-preview":"max-image-preview:large","max-video-preview":"max-video-preview:-1"},"canonical":"https:\/\/vincrea.com\/en\/contact\/","og_locale":"en_US","og_type":"article","og_title":"VinCrea Motion Designer - Demander un devis","og_description":"Illustrateur et Motion Designer freelance bas\u00e9 sur Marseille mais travaillant pour le monde entier. Disponible par email et t\u00e9l\u00e9phone.","og_url":"https:\/\/vincrea.com\/en\/contact\/","og_site_name":"VinCrea - Motion Designer Freelance","article_modified_time":"2023-07-09T07:20:24+00:00","og_image":[{"width":1584,"height":396,"url":"https:\/\/vincrea.com\/wp-content\/uploads\/2022\/12\/BAnniere-Linkedin-V2.png","type":"image\/png"}],"twitter_misc":{"Est. reading time":"1 minute"},"schema":{"@context":"https:\/\/schema.org","@graph":[{"@type":"WebPage","@id":"https:\/\/vincrea.com\/contact\/","url":"https:\/\/vincrea.com\/contact\/","name":"Contact - VinCrea - Motion Designer Freelance","isPartOf":{"@id":"https:\/\/vincrea.com\/#website"},"datePublished":"2022-04-14T13:02:55+00:00","dateModified":"2023-07-09T07:20:24+00:00","description":"Motion Designer Freelance Senior. Contacter Vincent Bonnet et recevez une r\u00e9ponse sous 24h par mail ou par t\u00e9l\u00e9phone.","inLanguage":"en-US","potentialAction":[{"@type":"ReadAction","target":["https:\/\/vincrea.com\/contact\/"]}]},{"@type":"WebSite","@id":"https:\/\/vincrea.com\/#website","url":"https:\/\/vincrea.com\/","name":"VinCrea - Motion Designer Freelancer","description":"","publisher":{"@id":"https:\/\/vincrea.com\/#organization"},"potentialAction":[{"@type":"SearchAction","target":{"@type":"EntryPoint","urlTemplate":"https:\/\/vincrea.com\/?s={search_term_string}"},"query-input":{"@type":"PropertyValueSpecification","valueRequired":true,"valueName":"search_term_string"}}],"inLanguage":"en-US"},{"@type":"Organization","@id":"https:\/\/vincrea.com\/#organization","name":"VinCrea - Motion Designer Freelancer","url":"https:\/\/vincrea.com\/","logo":{"@type":"ImageObject","inLanguage":"en-US","@id":"https:\/\/vincrea.com\/#\/schema\/logo\/image\/","url":"https:\/\/vincrea.com\/wp-content\/uploads\/2022\/04\/cropped-Favicon_V3.png","contentUrl":"https:\/\/vincrea.com\/wp-content\/uploads\/2022\/04\/cropped-Favicon_V3.png","width":1000,"height":1000,"caption":"VinCrea - Motion Designer Freelance"},"image":{"@id":"https:\/\/vincrea.com\/#\/schema\/logo\/image\/"}}]}},"_links":{"self":[{"href":"https:\/\/vincrea.com\/en\/wp-json\/wp\/v2\/pages\/248","targetHints":{"allow":["GET"]}}],"collection":[{"href":"https:\/\/vincrea.com\/en\/wp-json\/wp\/v2\/pages"}],"about":[{"href":"https:\/\/vincrea.com\/en\/wp-json\/wp\/v2\/types\/page"}],"author":[{"embeddable":true,"href":"https:\/\/vincrea.com\/en\/wp-json\/wp\/v2\/users\/1"}],"replies":[{"embeddable":true,"href":"https:\/\/vincrea.com\/en\/wp-json\/wp\/v2\/comments?post=248"}],"version-history":[{"count":37,"href":"https:\/\/vincrea.com\/en\/wp-json\/wp\/v2\/pages\/248\/revisions"}],"predecessor-version":[{"id":1334,"href":"https:\/\/vincrea.com\/en\/wp-json\/wp\/v2\/pages\/248\/revisions\/1334"}],"wp:attachment":[{"href":"https:\/\/vincrea.com\/en\/wp-json\/wp\/v2\/media?parent=248"}],"curies":[{"name":"wp","href":"https:\/\/api.w.org\/{rel}","templated":true}]}}