{"id":852,"date":"2022-06-15T14:57:28","date_gmt":"2022-06-15T13:57:28","guid":{"rendered":"https:\/\/vincrea.com\/?page_id=852"},"modified":"2022-12-06T09:30:01","modified_gmt":"2022-12-06T08:30:01","slug":"web-avenue-motion-designer-freelance","status":"publish","type":"page","link":"https:\/\/vincrea.com\/en\/web-avenue-motion-designer-freelance\/","title":{"rendered":"Web Avenue"},"content":{"rendered":"<div data-elementor-type=\"wp-page\" data-elementor-id=\"852\" class=\"elementor elementor-852\" data-elementor-post-type=\"page\">\n\t\t\t\t\t\t<section class=\"elementor-section elementor-top-section elementor-element elementor-element-bde4d65 elementor-section-boxed elementor-section-height-default elementor-section-height-default\" data-id=\"bde4d65\" data-element_type=\"section\" data-e-type=\"section\">\n\t\t\t\t\t\t<div class=\"elementor-container elementor-column-gap-default\">\n\t\t\t\t\t<div class=\"elementor-column elementor-col-100 elementor-top-column elementor-element elementor-element-1e891cf\" data-id=\"1e891cf\" data-element_type=\"column\" data-e-type=\"column\">\n\t\t\t<div class=\"elementor-widget-wrap elementor-element-populated\">\n\t\t\t\t\t\t<div class=\"elementor-element elementor-element-c753989 elementor-widget elementor-widget-html\" data-id=\"c753989\" data-element_type=\"widget\" data-e-type=\"widget\" data-widget_type=\"html.default\">\n\t\t\t\t<div class=\"elementor-widget-container\">\n\t\t\t\t\t<iframe src=\"https:\/\/player.vimeo.com\/video\/720671193?h=5667abdd12\" width=\"960\" height=\"540\" frameborder=\"0\" allow=\"autoplay; fullscreen; picture-in-picture\" allowfullscreen><\/iframe>\t\t\t\t<\/div>\n\t\t\t\t<\/div>\n\t\t\t\t\t<\/div>\n\t\t<\/div>\n\t\t\t\t\t<\/div>\n\t\t<\/section>\n\t\t\t\t<section class=\"elementor-section elementor-top-section elementor-element elementor-element-9746ef2 elementor-section-boxed elementor-section-height-default elementor-section-height-default\" data-id=\"9746ef2\" data-element_type=\"section\" data-e-type=\"section\">\n\t\t\t\t\t\t<div class=\"elementor-container elementor-column-gap-default\">\n\t\t\t\t\t<div class=\"elementor-column elementor-col-100 elementor-top-column elementor-element elementor-element-2792300\" data-id=\"2792300\" data-element_type=\"column\" data-e-type=\"column\">\n\t\t\t<div class=\"elementor-widget-wrap elementor-element-populated\">\n\t\t\t\t\t\t<div class=\"elementor-element elementor-element-7671e70 elementor-widget-divider--view-line elementor-widget elementor-widget-divider\" data-id=\"7671e70\" data-element_type=\"widget\" data-e-type=\"widget\" data-widget_type=\"divider.default\">\n\t\t\t\t<div class=\"elementor-widget-container\">\n\t\t\t\t\t\t\t<div class=\"elementor-divider\">\n\t\t\t<span class=\"elementor-divider-separator\">\n\t\t\t\t\t\t<\/span>\n\t\t<\/div>\n\t\t\t\t\t\t<\/div>\n\t\t\t\t<\/div>\n\t\t\t\t<div class=\"elementor-element elementor-element-72abdb6 elementor-widget elementor-widget-heading\" data-id=\"72abdb6\" data-element_type=\"widget\" data-e-type=\"widget\" data-widget_type=\"heading.default\">\n\t\t\t\t<div class=\"elementor-widget-container\">\n\t\t\t\t\t<h2 class=\"elementor-heading-title elementor-size-default\">Les coulisses<\/h2>\t\t\t\t<\/div>\n\t\t\t\t<\/div>\n\t\t\t\t<section class=\"elementor-section elementor-inner-section elementor-element elementor-element-32c2ebe elementor-section-boxed elementor-section-height-default elementor-section-height-default elementor-invisible\" data-id=\"32c2ebe\" data-element_type=\"section\" data-e-type=\"section\" data-settings=\"{&quot;animation&quot;:&quot;fadeInUp&quot;}\">\n\t\t\t\t\t\t<div class=\"elementor-container elementor-column-gap-default\">\n\t\t\t\t\t<div class=\"elementor-column elementor-col-50 elementor-inner-column elementor-element elementor-element-b149799\" data-id=\"b149799\" data-element_type=\"column\" data-e-type=\"column\">\n\t\t\t<div class=\"elementor-widget-wrap elementor-element-populated\">\n\t\t\t\t\t\t<div class=\"elementor-element elementor-element-a12b3c5 elementor-widget elementor-widget-image\" data-id=\"a12b3c5\" data-element_type=\"widget\" data-e-type=\"widget\" data-widget_type=\"image.default\">\n\t\t\t\t<div class=\"elementor-widget-container\">\n\t\t\t\t\t\t\t\t\t\t\t\t\t\t\t<img fetchpriority=\"high\" decoding=\"async\" width=\"713\" height=\"1024\" src=\"https:\/\/vincrea.com\/wp-content\/uploads\/2022\/06\/Dessin-1-713x1024.png\" class=\"attachment-large size-large wp-image-861\" alt=\"Web Avenue Assets SketchBook\" srcset=\"https:\/\/vincrea.com\/wp-content\/uploads\/2022\/06\/Dessin-1-713x1024.png 713w, https:\/\/vincrea.com\/wp-content\/uploads\/2022\/06\/Dessin-1-209x300.png 209w, https:\/\/vincrea.com\/wp-content\/uploads\/2022\/06\/Dessin-1-768x1104.png 768w, https:\/\/vincrea.com\/wp-content\/uploads\/2022\/06\/Dessin-1.png 835w\" sizes=\"(max-width: 713px) 100vw, 713px\" style=\"width:100%;height:143.71%;max-width:835px\" \/>\t\t\t\t\t\t\t\t\t\t\t\t\t\t\t<\/div>\n\t\t\t\t<\/div>\n\t\t\t\t\t<\/div>\n\t\t<\/div>\n\t\t\t\t<div class=\"elementor-column elementor-col-50 elementor-inner-column elementor-element elementor-element-1a970b3\" data-id=\"1a970b3\" data-element_type=\"column\" data-e-type=\"column\">\n\t\t\t<div class=\"elementor-widget-wrap elementor-element-populated\">\n\t\t\t\t\t\t<div class=\"elementor-element elementor-element-071da87 elementor-widget elementor-widget-image\" data-id=\"071da87\" data-element_type=\"widget\" data-e-type=\"widget\" data-widget_type=\"image.default\">\n\t\t\t\t<div class=\"elementor-widget-container\">\n\t\t\t\t\t\t\t\t\t\t\t\t\t\t\t<img decoding=\"async\" width=\"750\" height=\"563\" src=\"https:\/\/vincrea.com\/wp-content\/uploads\/2022\/06\/Dessins-2.png\" class=\"attachment-large size-large wp-image-868\" alt=\"Web Avenue SketchBook\" srcset=\"https:\/\/vincrea.com\/wp-content\/uploads\/2022\/06\/Dessins-2.png 800w, https:\/\/vincrea.com\/wp-content\/uploads\/2022\/06\/Dessins-2-300x225.png 300w, https:\/\/vincrea.com\/wp-content\/uploads\/2022\/06\/Dessins-2-768x576.png 768w\" sizes=\"(max-width: 750px) 100vw, 750px\" style=\"width:100%;height:75%;max-width:800px\" \/>\t\t\t\t\t\t\t\t\t\t\t\t\t\t\t<\/div>\n\t\t\t\t<\/div>\n\t\t\t\t\t<\/div>\n\t\t<\/div>\n\t\t\t\t\t<\/div>\n\t\t<\/section>\n\t\t\t\t<div class=\"elementor-element elementor-element-108e095 elementor-invisible elementor-widget elementor-widget-image\" data-id=\"108e095\" data-element_type=\"widget\" data-e-type=\"widget\" data-settings=\"{&quot;_animation&quot;:&quot;fadeInUp&quot;}\" data-widget_type=\"image.default\">\n\t\t\t\t<div class=\"elementor-widget-container\">\n\t\t\t\t\t\t\t\t\t\t\t\t\t\t\t<img decoding=\"async\" width=\"750\" height=\"762\" src=\"https:\/\/vincrea.com\/wp-content\/uploads\/2022\/06\/Storyboard-clean-1008x1024.png\" class=\"attachment-large size-large wp-image-863\" alt=\"Storyboard Web Avenue\" srcset=\"https:\/\/vincrea.com\/wp-content\/uploads\/2022\/06\/Storyboard-clean-1008x1024.png 1008w, https:\/\/vincrea.com\/wp-content\/uploads\/2022\/06\/Storyboard-clean-295x300.png 295w, https:\/\/vincrea.com\/wp-content\/uploads\/2022\/06\/Storyboard-clean-768x780.png 768w, https:\/\/vincrea.com\/wp-content\/uploads\/2022\/06\/Storyboard-clean-1513x1536.png 1513w, https:\/\/vincrea.com\/wp-content\/uploads\/2022\/06\/Storyboard-clean-1568x1592.png 1568w, https:\/\/vincrea.com\/wp-content\/uploads\/2022\/06\/Storyboard-clean.png 1684w\" sizes=\"(max-width: 750px) 100vw, 750px\" style=\"width:100%;height:101.54%;max-width:1684px\" \/>\t\t\t\t\t\t\t\t\t\t\t\t\t\t\t<\/div>\n\t\t\t\t<\/div>\n\t\t\t\t\t<\/div>\n\t\t<\/div>\n\t\t\t\t\t<\/div>\n\t\t<\/section>\n\t\t\t\t<section class=\"elementor-section elementor-top-section elementor-element elementor-element-b6f481d elementor-section-full_width elementor-section-height-default elementor-section-height-default\" data-id=\"b6f481d\" data-element_type=\"section\" data-e-type=\"section\" data-settings=\"{&quot;background_background&quot;:&quot;classic&quot;}\">\n\t\t\t\t\t\t<div class=\"elementor-container elementor-column-gap-no\">\n\t\t\t\t\t<div class=\"elementor-column elementor-col-100 elementor-top-column elementor-element elementor-element-76670a2\" data-id=\"76670a2\" data-element_type=\"column\" data-e-type=\"column\">\n\t\t\t<div class=\"elementor-widget-wrap elementor-element-populated\">\n\t\t\t\t\t\t<div class=\"elementor-element elementor-element-6972266 elementor-widget elementor-widget-image\" data-id=\"6972266\" data-element_type=\"widget\" data-e-type=\"widget\" data-widget_type=\"image.default\">\n\t\t\t\t<div class=\"elementor-widget-container\">\n\t\t\t\t\t\t\t\t\t\t\t\t\t\t\t<img loading=\"lazy\" decoding=\"async\" width=\"1920\" height=\"1080\" src=\"https:\/\/vincrea.com\/wp-content\/uploads\/2022\/06\/miniature1-1.png\" class=\"attachment-full size-full wp-image-864\" alt=\"Web Avenue Thumbnail Motion Design 2D\" srcset=\"https:\/\/vincrea.com\/wp-content\/uploads\/2022\/06\/miniature1-1.png 1920w, https:\/\/vincrea.com\/wp-content\/uploads\/2022\/06\/miniature1-1-300x169.png 300w, https:\/\/vincrea.com\/wp-content\/uploads\/2022\/06\/miniature1-1-1024x576.png 1024w, https:\/\/vincrea.com\/wp-content\/uploads\/2022\/06\/miniature1-1-768x432.png 768w, https:\/\/vincrea.com\/wp-content\/uploads\/2022\/06\/miniature1-1-1536x864.png 1536w, https:\/\/vincrea.com\/wp-content\/uploads\/2022\/06\/miniature1-1-1568x882.png 1568w\" sizes=\"(max-width: 1920px) 100vw, 1920px\" style=\"width:100%;height:56.25%;max-width:1920px\" \/>\t\t\t\t\t\t\t\t\t\t\t\t\t\t\t<\/div>\n\t\t\t\t<\/div>\n\t\t\t\t\t<\/div>\n\t\t<\/div>\n\t\t\t\t\t<\/div>\n\t\t<\/section>\n\t\t\t\t<section class=\"elementor-section elementor-top-section elementor-element elementor-element-1f39362 elementor-section-boxed elementor-section-height-default elementor-section-height-default\" data-id=\"1f39362\" data-element_type=\"section\" data-e-type=\"section\">\n\t\t\t\t\t\t<div class=\"elementor-container elementor-column-gap-default\">\n\t\t\t\t\t<div class=\"elementor-column elementor-col-100 elementor-top-column elementor-element elementor-element-32387ca\" data-id=\"32387ca\" data-element_type=\"column\" data-e-type=\"column\">\n\t\t\t<div class=\"elementor-widget-wrap elementor-element-populated\">\n\t\t\t\t\t\t<div class=\"elementor-element elementor-element-84b7a16 elementor-widget elementor-widget-text-editor\" data-id=\"84b7a16\" data-element_type=\"widget\" data-e-type=\"widget\" data-widget_type=\"text-editor.default\">\n\t\t\t\t<div class=\"elementor-widget-container\">\n\t\t\t\t\t\t\t\t\tVoici Lucas, il est restaurateur et propose la livraison \u00e0 domicile et la vente \u00e0 emporter. Pour cela, il passe par des plateformes sp\u00e9cialis\u00e9es qui lui am\u00e8nent de nouveaux clients.\n\n<br\/><br\/>\n\n<b>Mais <\/b><b>pourquoi payer 30% de commission sur des clients d\u00e9j\u00e0 acquis ?<\/b>\n\n<br\/><br\/>\n\nLa solution ?\u00a0Augmenter ses marges sur\u00a0ce type de clients, en cr\u00e9ant sa propre application de commande en ligne\u00a0!\u00a0<span style=\"color: var( --e-global-color-text ); font-size: var(--global--font-size-base);\">L&rsquo;agence Web Avenue l&rsquo;a d\u00e9velopp\u00e9e pour lui, gratuitement et sans engagement.<\/span>\n\n&nbsp;\t\t\t\t\t\t\t\t<\/div>\n\t\t\t\t<\/div>\n\t\t\t\t\t<\/div>\n\t\t<\/div>\n\t\t\t\t\t<\/div>\n\t\t<\/section>\n\t\t\t\t<section class=\"elementor-section elementor-top-section elementor-element elementor-element-e69cee1 elementor-section-boxed elementor-section-height-default elementor-section-height-default\" data-id=\"e69cee1\" data-element_type=\"section\" data-e-type=\"section\">\n\t\t\t\t\t\t<div class=\"elementor-container elementor-column-gap-default\">\n\t\t\t\t\t<div class=\"elementor-column elementor-col-100 elementor-top-column elementor-element elementor-element-0bfc584\" data-id=\"0bfc584\" data-element_type=\"column\" data-e-type=\"column\">\n\t\t\t<div class=\"elementor-widget-wrap elementor-element-populated\">\n\t\t\t\t\t\t<div class=\"elementor-element elementor-element-aaa978f elementor-invisible elementor-widget elementor-widget-image\" data-id=\"aaa978f\" data-element_type=\"widget\" data-e-type=\"widget\" data-settings=\"{&quot;_animation&quot;:&quot;fadeInUp&quot;}\" data-widget_type=\"image.default\">\n\t\t\t\t<div class=\"elementor-widget-container\">\n\t\t\t\t\t\t\t\t\t\t\t\t\t\t\t<img loading=\"lazy\" decoding=\"async\" width=\"739\" height=\"415\" src=\"https:\/\/vincrea.com\/wp-content\/uploads\/2022\/06\/Web-Avenue-Clip-Promotionnel-en-Motion-Design-high-3.gif\" class=\"attachment-large size-large wp-image-1243\" alt=\"WebAvenue Extrait 2 Motion Design 2D\" style=\"width:100%;height:56.16%;max-width:739px\" \/>\t\t\t\t\t\t\t\t\t\t\t\t\t\t\t<\/div>\n\t\t\t\t<\/div>\n\t\t\t\t<div class=\"elementor-element elementor-element-21a0037 elementor-invisible elementor-widget elementor-widget-image\" data-id=\"21a0037\" data-element_type=\"widget\" data-e-type=\"widget\" data-settings=\"{&quot;_animation&quot;:&quot;fadeInUp&quot;}\" data-widget_type=\"image.default\">\n\t\t\t\t<div class=\"elementor-widget-container\">\n\t\t\t\t\t\t\t\t\t\t\t\t\t\t\t<img loading=\"lazy\" decoding=\"async\" width=\"739\" height=\"415\" src=\"https:\/\/vincrea.com\/wp-content\/uploads\/2022\/06\/Web-Avenue-gif2-2.gif\" class=\"attachment-large size-large wp-image-1244\" alt=\"WebAvenue Extrait Motion Design 2D\" style=\"width:100%;height:56.16%;max-width:739px\" \/>\t\t\t\t\t\t\t\t\t\t\t\t\t\t\t<\/div>\n\t\t\t\t<\/div>\n\t\t\t\t\t<\/div>\n\t\t<\/div>\n\t\t\t\t\t<\/div>\n\t\t<\/section>\n\t\t\t\t<section class=\"elementor-section elementor-top-section elementor-element elementor-element-5f81eaa elementor-section-boxed elementor-section-height-default elementor-section-height-default\" data-id=\"5f81eaa\" data-element_type=\"section\" data-e-type=\"section\">\n\t\t\t\t\t\t<div class=\"elementor-container elementor-column-gap-default\">\n\t\t\t\t\t<div class=\"elementor-column elementor-col-100 elementor-top-column elementor-element elementor-element-800d8b7\" data-id=\"800d8b7\" data-element_type=\"column\" data-e-type=\"column\">\n\t\t\t<div class=\"elementor-widget-wrap elementor-element-populated\">\n\t\t\t\t\t\t<div class=\"elementor-element elementor-element-1e89028 elementor-widget elementor-widget-image\" data-id=\"1e89028\" data-element_type=\"widget\" data-e-type=\"widget\" data-widget_type=\"image.default\">\n\t\t\t\t<div class=\"elementor-widget-container\">\n\t\t\t\t\t\t\t\t\t\t\t\t\t\t\t<img decoding=\"async\" src=\"https:\/\/vincrea.com\/wp-content\/uploads\/elementor\/thumbs\/logo-webavenue-couleurs-pqfu5pbb4i7wdnqqonlj6yclwvm8hywug6appwdsjs.png\" title=\"Web Avenue Logo\" alt=\"Web Avenue Logo\" loading=\"lazy\" \/>\t\t\t\t\t\t\t\t\t\t\t\t\t\t\t<\/div>\n\t\t\t\t<\/div>\n\t\t\t\t\t<\/div>\n\t\t<\/div>\n\t\t\t\t\t<\/div>\n\t\t<\/section>\n\t\t\t\t<section class=\"elementor-section elementor-top-section elementor-element elementor-element-e144cd5 elementor-section-boxed elementor-section-height-default elementor-section-height-default\" data-id=\"e144cd5\" data-element_type=\"section\" data-e-type=\"section\">\n\t\t\t\t\t\t<div class=\"elementor-container elementor-column-gap-default\">\n\t\t\t\t\t<div class=\"elementor-column elementor-col-100 elementor-top-column elementor-element elementor-element-86b09e9\" data-id=\"86b09e9\" data-element_type=\"column\" data-e-type=\"column\">\n\t\t\t<div class=\"elementor-widget-wrap elementor-element-populated\">\n\t\t\t\t\t\t<div class=\"elementor-element elementor-element-99cf3eb elementor-widget elementor-widget-heading\" data-id=\"99cf3eb\" data-element_type=\"widget\" data-e-type=\"widget\" data-widget_type=\"heading.default\">\n\t\t\t\t<div class=\"elementor-widget-container\">\n\t\t\t\t\t<h3 class=\"elementor-heading-title elementor-size-default\">Voir d'autres projets<\/h3>\t\t\t\t<\/div>\n\t\t\t\t<\/div>\n\t\t\t\t<section class=\"elementor-section elementor-inner-section elementor-element elementor-element-70d958d elementor-section-boxed elementor-section-height-default elementor-section-height-default\" data-id=\"70d958d\" data-element_type=\"section\" data-e-type=\"section\">\n\t\t\t\t\t\t<div class=\"elementor-container elementor-column-gap-default\">\n\t\t\t\t\t<div class=\"elementor-column elementor-col-50 elementor-inner-column elementor-element elementor-element-a24ee30\" data-id=\"a24ee30\" data-element_type=\"column\" data-e-type=\"column\">\n\t\t\t<div class=\"elementor-widget-wrap elementor-element-populated\">\n\t\t\t\t\t\t<div class=\"elementor-element elementor-element-c495844 menuContact elementor-animation-grow elementor-widget elementor-widget-heading\" data-id=\"c495844\" data-element_type=\"widget\" data-e-type=\"widget\" id=\"btn_jteLoge\" data-widget_type=\"heading.default\">\n\t\t\t\t<div class=\"elementor-widget-container\">\n\t\t\t\t\t<div class=\"elementor-heading-title elementor-size-default\">J'te loge<\/div>\t\t\t\t<\/div>\n\t\t\t\t<\/div>\n\t\t\t\t\t<\/div>\n\t\t<\/div>\n\t\t\t\t<div class=\"elementor-column elementor-col-50 elementor-inner-column elementor-element elementor-element-4680e17\" data-id=\"4680e17\" data-element_type=\"column\" data-e-type=\"column\">\n\t\t\t<div class=\"elementor-widget-wrap elementor-element-populated\">\n\t\t\t\t\t\t<div class=\"elementor-element elementor-element-250a9ad menuContact elementor-animation-grow elementor-widget elementor-widget-heading\" data-id=\"250a9ad\" data-element_type=\"widget\" data-e-type=\"widget\" id=\"portfolio-button\" data-widget_type=\"heading.default\">\n\t\t\t\t<div class=\"elementor-widget-container\">\n\t\t\t\t\t<div class=\"elementor-heading-title elementor-size-default\">parcourir<\/div>\t\t\t\t<\/div>\n\t\t\t\t<\/div>\n\t\t\t\t\t<\/div>\n\t\t<\/div>\n\t\t\t\t\t<\/div>\n\t\t<\/section>\n\t\t\t\t\t<\/div>\n\t\t<\/div>\n\t\t\t\t\t<\/div>\n\t\t<\/section>\n\t\t\t\t<\/div>","protected":false},"excerpt":{"rendered":"<p>Les coulisses Voici Lucas, il est restaurateur et propose la livraison \u00e0 domicile et la vente \u00e0 emporter. Pour cela, il passe par des plateformes sp\u00e9cialis\u00e9es qui lui am\u00e8nent de nouveaux clients. Mais pourquoi payer 30% de commission sur des clients d\u00e9j\u00e0 acquis ? La solution ?&nbsp;Augmenter ses marges sur&nbsp;ce type de clients, en cr\u00e9ant&hellip; <a class=\"more-link\" href=\"https:\/\/vincrea.com\/en\/web-avenue-motion-designer-freelance\/\">Continue reading <span class=\"screen-reader-text\">Web Avenue<\/span><\/a><\/p>","protected":false},"author":1,"featured_media":0,"parent":0,"menu_order":0,"comment_status":"closed","ping_status":"closed","template":"elementor_header_footer","meta":{"footnotes":""},"class_list":["post-852","page","type-page","status-publish","hentry","entry"],"yoast_head":"<!-- This site is optimized with the Yoast SEO plugin v27.4 - https:\/\/yoast.com\/product\/yoast-seo-wordpress\/ -->\n<title>Web Avenue - VinCrea - Motion Designer Freelance<\/title>\n<meta name=\"description\" content=\"Vid\u00e9o en Motion Design r\u00e9alis\u00e9e pour Web Avenue. Illustrations, Animation 2D et Storyboard r\u00e9alis\u00e9s par VinCrea, Motion Designer freelance.\" \/>\n<meta name=\"robots\" content=\"index, follow, max-snippet:-1, max-image-preview:large, max-video-preview:-1\" \/>\n<link rel=\"canonical\" href=\"https:\/\/vincrea.com\/en\/web-avenue-motion-designer-freelance\/\" \/>\n<meta property=\"og:locale\" content=\"en_US\" \/>\n<meta property=\"og:type\" content=\"article\" \/>\n<meta property=\"og:title\" content=\"Web Avenue - VinCrea - Motion Designer Freelance\" \/>\n<meta property=\"og:description\" content=\"Vid\u00e9o en Motion Design r\u00e9alis\u00e9e pour Web Avenue. Illustrations, Animation 2D et Storyboard r\u00e9alis\u00e9s par VinCrea, Motion Designer freelance.\" \/>\n<meta property=\"og:url\" content=\"https:\/\/vincrea.com\/en\/web-avenue-motion-designer-freelance\/\" \/>\n<meta property=\"og:site_name\" content=\"VinCrea - Motion Designer Freelance\" \/>\n<meta property=\"article:modified_time\" content=\"2022-12-06T08:30:01+00:00\" \/>\n<meta property=\"og:image\" content=\"https:\/\/vincrea.com\/wp-content\/uploads\/2022\/06\/miniature1.png\" \/>\n\t<meta property=\"og:image:width\" content=\"1920\" \/>\n\t<meta property=\"og:image:height\" content=\"1080\" \/>\n\t<meta property=\"og:image:type\" content=\"image\/png\" \/>\n<meta name=\"twitter:label1\" content=\"Est. reading time\" \/>\n\t<meta name=\"twitter:data1\" content=\"2 minutes\" \/>\n<script type=\"application\/ld+json\" class=\"yoast-schema-graph\">{\"@context\":\"https:\\\/\\\/schema.org\",\"@graph\":[{\"@type\":\"WebPage\",\"@id\":\"https:\\\/\\\/vincrea.com\\\/web-avenue-motion-designer-freelance\\\/\",\"url\":\"https:\\\/\\\/vincrea.com\\\/web-avenue-motion-designer-freelance\\\/\",\"name\":\"Web Avenue - VinCrea - Motion Designer Freelance\",\"isPartOf\":{\"@id\":\"https:\\\/\\\/vincrea.com\\\/#website\"},\"primaryImageOfPage\":{\"@id\":\"https:\\\/\\\/vincrea.com\\\/web-avenue-motion-designer-freelance\\\/#primaryimage\"},\"image\":{\"@id\":\"https:\\\/\\\/vincrea.com\\\/web-avenue-motion-designer-freelance\\\/#primaryimage\"},\"thumbnailUrl\":\"https:\\\/\\\/vincrea.com\\\/wp-content\\\/uploads\\\/2022\\\/06\\\/Dessin-1-713x1024.png\",\"datePublished\":\"2022-06-15T13:57:28+00:00\",\"dateModified\":\"2022-12-06T08:30:01+00:00\",\"description\":\"Vid\u00e9o en Motion Design r\u00e9alis\u00e9e pour Web Avenue. Illustrations, Animation 2D et Storyboard r\u00e9alis\u00e9s par VinCrea, Motion Designer freelance.\",\"inLanguage\":\"en-US\",\"potentialAction\":[{\"@type\":\"ReadAction\",\"target\":[\"https:\\\/\\\/vincrea.com\\\/web-avenue-motion-designer-freelance\\\/\"]}]},{\"@type\":\"ImageObject\",\"inLanguage\":\"en-US\",\"@id\":\"https:\\\/\\\/vincrea.com\\\/web-avenue-motion-designer-freelance\\\/#primaryimage\",\"url\":\"https:\\\/\\\/vincrea.com\\\/wp-content\\\/uploads\\\/2022\\\/06\\\/Dessin-1-713x1024.png\",\"contentUrl\":\"https:\\\/\\\/vincrea.com\\\/wp-content\\\/uploads\\\/2022\\\/06\\\/Dessin-1-713x1024.png\"},{\"@type\":\"WebSite\",\"@id\":\"https:\\\/\\\/vincrea.com\\\/#website\",\"url\":\"https:\\\/\\\/vincrea.com\\\/\",\"name\":\"VinCrea - Motion Designer Freelance\",\"description\":\"\",\"publisher\":{\"@id\":\"https:\\\/\\\/vincrea.com\\\/#organization\"},\"potentialAction\":[{\"@type\":\"SearchAction\",\"target\":{\"@type\":\"EntryPoint\",\"urlTemplate\":\"https:\\\/\\\/vincrea.com\\\/?s={search_term_string}\"},\"query-input\":{\"@type\":\"PropertyValueSpecification\",\"valueRequired\":true,\"valueName\":\"search_term_string\"}}],\"inLanguage\":\"en-US\"},{\"@type\":\"Organization\",\"@id\":\"https:\\\/\\\/vincrea.com\\\/#organization\",\"name\":\"VinCrea - Motion Designer Freelance\",\"url\":\"https:\\\/\\\/vincrea.com\\\/\",\"logo\":{\"@type\":\"ImageObject\",\"inLanguage\":\"en-US\",\"@id\":\"https:\\\/\\\/vincrea.com\\\/#\\\/schema\\\/logo\\\/image\\\/\",\"url\":\"https:\\\/\\\/vincrea.com\\\/wp-content\\\/uploads\\\/2022\\\/04\\\/cropped-Favicon_V3.png\",\"contentUrl\":\"https:\\\/\\\/vincrea.com\\\/wp-content\\\/uploads\\\/2022\\\/04\\\/cropped-Favicon_V3.png\",\"width\":1000,\"height\":1000,\"caption\":\"VinCrea - Motion Designer Freelance\"},\"image\":{\"@id\":\"https:\\\/\\\/vincrea.com\\\/#\\\/schema\\\/logo\\\/image\\\/\"}}]}<\/script>\n<!-- \/ Yoast SEO plugin. -->","yoast_head_json":{"title":"Web Avenue - VinCrea - Motion Designer Freelance","description":"Vid\u00e9o en Motion Design r\u00e9alis\u00e9e pour Web Avenue. Illustrations, Animation 2D et Storyboard r\u00e9alis\u00e9s par VinCrea, Motion Designer freelance.","robots":{"index":"index","follow":"follow","max-snippet":"max-snippet:-1","max-image-preview":"max-image-preview:large","max-video-preview":"max-video-preview:-1"},"canonical":"https:\/\/vincrea.com\/en\/web-avenue-motion-designer-freelance\/","og_locale":"en_US","og_type":"article","og_title":"Web Avenue - VinCrea - Motion Designer Freelance","og_description":"Vid\u00e9o en Motion Design r\u00e9alis\u00e9e pour Web Avenue. Illustrations, Animation 2D et Storyboard r\u00e9alis\u00e9s par VinCrea, Motion Designer freelance.","og_url":"https:\/\/vincrea.com\/en\/web-avenue-motion-designer-freelance\/","og_site_name":"VinCrea - Motion Designer Freelance","article_modified_time":"2022-12-06T08:30:01+00:00","og_image":[{"width":1920,"height":1080,"url":"https:\/\/vincrea.com\/wp-content\/uploads\/2022\/06\/miniature1.png","type":"image\/png"}],"twitter_misc":{"Est. reading time":"2 minutes"},"schema":{"@context":"https:\/\/schema.org","@graph":[{"@type":"WebPage","@id":"https:\/\/vincrea.com\/web-avenue-motion-designer-freelance\/","url":"https:\/\/vincrea.com\/web-avenue-motion-designer-freelance\/","name":"Web Avenue - VinCrea - Motion Designer Freelance","isPartOf":{"@id":"https:\/\/vincrea.com\/#website"},"primaryImageOfPage":{"@id":"https:\/\/vincrea.com\/web-avenue-motion-designer-freelance\/#primaryimage"},"image":{"@id":"https:\/\/vincrea.com\/web-avenue-motion-designer-freelance\/#primaryimage"},"thumbnailUrl":"https:\/\/vincrea.com\/wp-content\/uploads\/2022\/06\/Dessin-1-713x1024.png","datePublished":"2022-06-15T13:57:28+00:00","dateModified":"2022-12-06T08:30:01+00:00","description":"Vid\u00e9o en Motion Design r\u00e9alis\u00e9e pour Web Avenue. Illustrations, Animation 2D et Storyboard r\u00e9alis\u00e9s par VinCrea, Motion Designer freelance.","inLanguage":"en-US","potentialAction":[{"@type":"ReadAction","target":["https:\/\/vincrea.com\/web-avenue-motion-designer-freelance\/"]}]},{"@type":"ImageObject","inLanguage":"en-US","@id":"https:\/\/vincrea.com\/web-avenue-motion-designer-freelance\/#primaryimage","url":"https:\/\/vincrea.com\/wp-content\/uploads\/2022\/06\/Dessin-1-713x1024.png","contentUrl":"https:\/\/vincrea.com\/wp-content\/uploads\/2022\/06\/Dessin-1-713x1024.png"},{"@type":"WebSite","@id":"https:\/\/vincrea.com\/#website","url":"https:\/\/vincrea.com\/","name":"VinCrea - Motion Designer Freelancer","description":"","publisher":{"@id":"https:\/\/vincrea.com\/#organization"},"potentialAction":[{"@type":"SearchAction","target":{"@type":"EntryPoint","urlTemplate":"https:\/\/vincrea.com\/?s={search_term_string}"},"query-input":{"@type":"PropertyValueSpecification","valueRequired":true,"valueName":"search_term_string"}}],"inLanguage":"en-US"},{"@type":"Organization","@id":"https:\/\/vincrea.com\/#organization","name":"VinCrea - Motion Designer Freelancer","url":"https:\/\/vincrea.com\/","logo":{"@type":"ImageObject","inLanguage":"en-US","@id":"https:\/\/vincrea.com\/#\/schema\/logo\/image\/","url":"https:\/\/vincrea.com\/wp-content\/uploads\/2022\/04\/cropped-Favicon_V3.png","contentUrl":"https:\/\/vincrea.com\/wp-content\/uploads\/2022\/04\/cropped-Favicon_V3.png","width":1000,"height":1000,"caption":"VinCrea - Motion Designer Freelance"},"image":{"@id":"https:\/\/vincrea.com\/#\/schema\/logo\/image\/"}}]}},"_links":{"self":[{"href":"https:\/\/vincrea.com\/en\/wp-json\/wp\/v2\/pages\/852","targetHints":{"allow":["GET"]}}],"collection":[{"href":"https:\/\/vincrea.com\/en\/wp-json\/wp\/v2\/pages"}],"about":[{"href":"https:\/\/vincrea.com\/en\/wp-json\/wp\/v2\/types\/page"}],"author":[{"embeddable":true,"href":"https:\/\/vincrea.com\/en\/wp-json\/wp\/v2\/users\/1"}],"replies":[{"embeddable":true,"href":"https:\/\/vincrea.com\/en\/wp-json\/wp\/v2\/comments?post=852"}],"version-history":[{"count":75,"href":"https:\/\/vincrea.com\/en\/wp-json\/wp\/v2\/pages\/852\/revisions"}],"predecessor-version":[{"id":1337,"href":"https:\/\/vincrea.com\/en\/wp-json\/wp\/v2\/pages\/852\/revisions\/1337"}],"wp:attachment":[{"href":"https:\/\/vincrea.com\/en\/wp-json\/wp\/v2\/media?parent=852"}],"curies":[{"name":"wp","href":"https:\/\/api.w.org\/{rel}","templated":true}]}}