{"id":979,"date":"2022-06-20T08:14:31","date_gmt":"2022-06-20T07:14:31","guid":{"rendered":"https:\/\/vincrea.com\/?page_id=979"},"modified":"2022-12-06T09:33:43","modified_gmt":"2022-12-06T08:33:43","slug":"foxnot-motion-designer-freelance","status":"publish","type":"page","link":"https:\/\/vincrea.com\/en\/foxnot-motion-designer-freelance\/","title":{"rendered":"Foxnot"},"content":{"rendered":"<div data-elementor-type=\"wp-page\" data-elementor-id=\"979\" class=\"elementor elementor-979\" data-elementor-post-type=\"page\">\n\t\t\t\t\t\t<section class=\"elementor-section elementor-top-section elementor-element elementor-element-bde4d65 elementor-section-boxed elementor-section-height-default elementor-section-height-default\" data-id=\"bde4d65\" data-element_type=\"section\" data-e-type=\"section\">\n\t\t\t\t\t\t<div class=\"elementor-container elementor-column-gap-default\">\n\t\t\t\t\t<div class=\"elementor-column elementor-col-100 elementor-top-column elementor-element elementor-element-1e891cf\" data-id=\"1e891cf\" data-element_type=\"column\" data-e-type=\"column\">\n\t\t\t<div class=\"elementor-widget-wrap elementor-element-populated\">\n\t\t\t\t\t\t<div class=\"elementor-element elementor-element-c753989 elementor-widget elementor-widget-html\" data-id=\"c753989\" data-element_type=\"widget\" data-e-type=\"widget\" data-widget_type=\"html.default\">\n\t\t\t\t<div class=\"elementor-widget-container\">\n\t\t\t\t\t<iframe src=\"https:\/\/player.vimeo.com\/video\/722088397?h=d880bfcd90&amp;badge=0&amp;autopause=0&amp;player_id=0&amp;app_id=58479\" width=\"960\" height=\"540\" frameborder=\"0\" allow=\"autoplay; fullscreen; picture-in-picture\" allowfullscreen><\/iframe>\t\t\t\t<\/div>\n\t\t\t\t<\/div>\n\t\t\t\t\t<\/div>\n\t\t<\/div>\n\t\t\t\t\t<\/div>\n\t\t<\/section>\n\t\t\t\t<section class=\"elementor-section elementor-top-section elementor-element elementor-element-9746ef2 elementor-section-boxed elementor-section-height-default elementor-section-height-default\" data-id=\"9746ef2\" data-element_type=\"section\" data-e-type=\"section\">\n\t\t\t\t\t\t<div class=\"elementor-container elementor-column-gap-default\">\n\t\t\t\t\t<div class=\"elementor-column elementor-col-100 elementor-top-column elementor-element elementor-element-2792300\" data-id=\"2792300\" data-element_type=\"column\" data-e-type=\"column\">\n\t\t\t<div class=\"elementor-widget-wrap elementor-element-populated\">\n\t\t\t\t\t\t<div class=\"elementor-element elementor-element-7671e70 elementor-widget-divider--view-line elementor-widget elementor-widget-divider\" data-id=\"7671e70\" data-element_type=\"widget\" data-e-type=\"widget\" data-widget_type=\"divider.default\">\n\t\t\t\t<div class=\"elementor-widget-container\">\n\t\t\t\t\t\t\t<div class=\"elementor-divider\">\n\t\t\t<span class=\"elementor-divider-separator\">\n\t\t\t\t\t\t<\/span>\n\t\t<\/div>\n\t\t\t\t\t\t<\/div>\n\t\t\t\t<\/div>\n\t\t\t\t<div class=\"elementor-element elementor-element-72abdb6 elementor-widget elementor-widget-heading\" data-id=\"72abdb6\" data-element_type=\"widget\" data-e-type=\"widget\" data-widget_type=\"heading.default\">\n\t\t\t\t<div class=\"elementor-widget-container\">\n\t\t\t\t\t<h2 class=\"elementor-heading-title elementor-size-default\">Les coulisses<\/h2>\t\t\t\t<\/div>\n\t\t\t\t<\/div>\n\t\t\t\t<section class=\"elementor-section elementor-inner-section elementor-element elementor-element-32c2ebe elementor-section-boxed elementor-section-height-default elementor-section-height-default elementor-invisible\" data-id=\"32c2ebe\" data-element_type=\"section\" data-e-type=\"section\" data-settings=\"{&quot;animation&quot;:&quot;fadeInUp&quot;}\">\n\t\t\t\t\t\t<div class=\"elementor-container elementor-column-gap-default\">\n\t\t\t\t\t<div class=\"elementor-column elementor-col-100 elementor-inner-column elementor-element elementor-element-1a970b3\" data-id=\"1a970b3\" data-element_type=\"column\" data-e-type=\"column\">\n\t\t\t<div class=\"elementor-widget-wrap elementor-element-populated\">\n\t\t\t\t\t\t<div class=\"elementor-element elementor-element-071da87 elementor-widget elementor-widget-image\" data-id=\"071da87\" data-element_type=\"widget\" data-e-type=\"widget\" data-widget_type=\"image.default\">\n\t\t\t\t<div class=\"elementor-widget-container\">\n\t\t\t\t\t\t\t\t\t\t\t\t\t\t\t<img fetchpriority=\"high\" decoding=\"async\" width=\"750\" height=\"563\" src=\"https:\/\/vincrea.com\/wp-content\/uploads\/2022\/06\/Dessins-2-Copie.png\" class=\"attachment-large size-large wp-image-990\" alt=\"FoxNot Sketch Ideas\" srcset=\"https:\/\/vincrea.com\/wp-content\/uploads\/2022\/06\/Dessins-2-Copie.png 800w, https:\/\/vincrea.com\/wp-content\/uploads\/2022\/06\/Dessins-2-Copie-300x225.png 300w, https:\/\/vincrea.com\/wp-content\/uploads\/2022\/06\/Dessins-2-Copie-768x576.png 768w\" sizes=\"(max-width: 750px) 100vw, 750px\" style=\"width:100%;height:75%;max-width:800px\" \/>\t\t\t\t\t\t\t\t\t\t\t\t\t\t\t<\/div>\n\t\t\t\t<\/div>\n\t\t\t\t\t<\/div>\n\t\t<\/div>\n\t\t\t\t\t<\/div>\n\t\t<\/section>\n\t\t\t\t<div class=\"elementor-element elementor-element-108e095 elementor-invisible elementor-widget elementor-widget-image\" data-id=\"108e095\" data-element_type=\"widget\" data-e-type=\"widget\" data-settings=\"{&quot;_animation&quot;:&quot;fadeInUp&quot;}\" data-widget_type=\"image.default\">\n\t\t\t\t<div class=\"elementor-widget-container\">\n\t\t\t\t\t\t\t\t\t\t\t\t\t\t\t<img decoding=\"async\" width=\"750\" height=\"169\" src=\"https:\/\/vincrea.com\/wp-content\/uploads\/2022\/06\/Storyboard-1-1024x231.png\" class=\"attachment-large size-large wp-image-991\" alt=\"FoxNot Storyboard\" srcset=\"https:\/\/vincrea.com\/wp-content\/uploads\/2022\/06\/Storyboard-1-1024x231.png 1024w, https:\/\/vincrea.com\/wp-content\/uploads\/2022\/06\/Storyboard-1-300x68.png 300w, https:\/\/vincrea.com\/wp-content\/uploads\/2022\/06\/Storyboard-1-768x173.png 768w, https:\/\/vincrea.com\/wp-content\/uploads\/2022\/06\/Storyboard-1-1536x347.png 1536w, https:\/\/vincrea.com\/wp-content\/uploads\/2022\/06\/Storyboard-1-1568x354.png 1568w, https:\/\/vincrea.com\/wp-content\/uploads\/2022\/06\/Storyboard-1.png 1684w\" sizes=\"(max-width: 750px) 100vw, 750px\" style=\"width:100%;height:22.57%;max-width:1684px\" \/>\t\t\t\t\t\t\t\t\t\t\t\t\t\t\t<\/div>\n\t\t\t\t<\/div>\n\t\t\t\t\t<\/div>\n\t\t<\/div>\n\t\t\t\t\t<\/div>\n\t\t<\/section>\n\t\t\t\t<section class=\"elementor-section elementor-top-section elementor-element elementor-element-b6f481d elementor-section-full_width elementor-section-height-default elementor-section-height-default\" data-id=\"b6f481d\" data-element_type=\"section\" data-e-type=\"section\" data-settings=\"{&quot;background_background&quot;:&quot;classic&quot;}\">\n\t\t\t\t\t\t<div class=\"elementor-container elementor-column-gap-no\">\n\t\t\t\t\t<div class=\"elementor-column elementor-col-100 elementor-top-column elementor-element elementor-element-76670a2\" data-id=\"76670a2\" data-element_type=\"column\" data-e-type=\"column\">\n\t\t\t<div class=\"elementor-widget-wrap elementor-element-populated\">\n\t\t\t\t\t\t<div class=\"elementor-element elementor-element-6972266 elementor-widget elementor-widget-image\" data-id=\"6972266\" data-element_type=\"widget\" data-e-type=\"widget\" data-widget_type=\"image.default\">\n\t\t\t\t<div class=\"elementor-widget-container\">\n\t\t\t\t\t\t\t\t\t\t\t\t\t\t\t<img decoding=\"async\" width=\"1920\" height=\"1080\" src=\"https:\/\/vincrea.com\/wp-content\/uploads\/2022\/06\/Miniature-video.png\" class=\"attachment-full size-full wp-image-989\" alt=\"FoxNot Thumbnail Motion Design 2D\" srcset=\"https:\/\/vincrea.com\/wp-content\/uploads\/2022\/06\/Miniature-video.png 1920w, https:\/\/vincrea.com\/wp-content\/uploads\/2022\/06\/Miniature-video-300x169.png 300w, https:\/\/vincrea.com\/wp-content\/uploads\/2022\/06\/Miniature-video-1024x576.png 1024w, https:\/\/vincrea.com\/wp-content\/uploads\/2022\/06\/Miniature-video-768x432.png 768w, https:\/\/vincrea.com\/wp-content\/uploads\/2022\/06\/Miniature-video-1536x864.png 1536w, https:\/\/vincrea.com\/wp-content\/uploads\/2022\/06\/Miniature-video-1568x882.png 1568w\" sizes=\"(max-width: 1920px) 100vw, 1920px\" style=\"width:100%;height:56.25%;max-width:1920px\" \/>\t\t\t\t\t\t\t\t\t\t\t\t\t\t\t<\/div>\n\t\t\t\t<\/div>\n\t\t\t\t\t<\/div>\n\t\t<\/div>\n\t\t\t\t\t<\/div>\n\t\t<\/section>\n\t\t\t\t<section class=\"elementor-section elementor-top-section elementor-element elementor-element-1f39362 elementor-section-boxed elementor-section-height-default elementor-section-height-default\" data-id=\"1f39362\" data-element_type=\"section\" data-e-type=\"section\">\n\t\t\t\t\t\t<div class=\"elementor-container elementor-column-gap-default\">\n\t\t\t\t\t<div class=\"elementor-column elementor-col-100 elementor-top-column elementor-element elementor-element-32387ca\" data-id=\"32387ca\" data-element_type=\"column\" data-e-type=\"column\">\n\t\t\t<div class=\"elementor-widget-wrap\">\n\t\t\t\t\t\t\t<\/div>\n\t\t<\/div>\n\t\t\t\t\t<\/div>\n\t\t<\/section>\n\t\t\t\t<section class=\"elementor-section elementor-top-section elementor-element elementor-element-e69cee1 elementor-section-boxed elementor-section-height-default elementor-section-height-default\" data-id=\"e69cee1\" data-element_type=\"section\" data-e-type=\"section\">\n\t\t\t\t\t\t<div class=\"elementor-container elementor-column-gap-default\">\n\t\t\t\t\t<div class=\"elementor-column elementor-col-100 elementor-top-column elementor-element elementor-element-0bfc584\" data-id=\"0bfc584\" data-element_type=\"column\" data-e-type=\"column\">\n\t\t\t<div class=\"elementor-widget-wrap elementor-element-populated\">\n\t\t\t\t\t\t<div class=\"elementor-element elementor-element-84b7a16 elementor-widget elementor-widget-text-editor\" data-id=\"84b7a16\" data-element_type=\"widget\" data-e-type=\"widget\" data-widget_type=\"text-editor.default\">\n\t\t\t\t<div class=\"elementor-widget-container\">\n\t\t\t\t\t\t\t\t\t<p>A l&rsquo;heure actuelle, la gestion de documents administratifs avec votre notaire est un v\u00e9ritable calvaire. Cela consiste \u00e0 regrouper et \u00e0 envoyer par mail tous vos documents sans \u00eatre s\u00fbr de leur bonne r\u00e9ception ni de leur validit\u00e9.\u00a0<\/p><p>\u00a0<\/p><p><b>Mme Fleurie est dans le m\u00eame cas mais a d\u00e9couvert FoxNot.\u00a0<\/b><\/p><p>\u00a0<\/p><p>Avec cette application web, sa gestion de document est un v\u00e9ritable jeu d&rsquo;enfant et se fait rapidement, laissant les soucis et le stress de c\u00f4t\u00e9.\u00a0<\/p>\t\t\t\t\t\t\t\t<\/div>\n\t\t\t\t<\/div>\n\t\t\t\t<div class=\"elementor-element elementor-element-aaa978f elementor-invisible elementor-widget elementor-widget-image\" data-id=\"aaa978f\" data-element_type=\"widget\" data-e-type=\"widget\" data-settings=\"{&quot;_animation&quot;:&quot;fadeInUp&quot;}\" data-widget_type=\"image.default\">\n\t\t\t\t<div class=\"elementor-widget-container\">\n\t\t\t\t\t\t\t\t\t\t\t\t\t\t\t<img loading=\"lazy\" decoding=\"async\" width=\"739\" height=\"415\" src=\"https:\/\/vincrea.com\/wp-content\/uploads\/2022\/06\/Foxnot-Gif1-2.gif\" class=\"attachment-large size-large wp-image-1242\" alt=\"FoxNot Extrait Motion Design 2D\" style=\"width:100%;height:56.16%;max-width:739px\" \/>\t\t\t\t\t\t\t\t\t\t\t\t\t\t\t<\/div>\n\t\t\t\t<\/div>\n\t\t\t\t<div class=\"elementor-element elementor-element-21a0037 elementor-invisible elementor-widget elementor-widget-image\" data-id=\"21a0037\" data-element_type=\"widget\" data-e-type=\"widget\" data-settings=\"{&quot;_animation&quot;:&quot;fadeInUp&quot;}\" data-widget_type=\"image.default\">\n\t\t\t\t<div class=\"elementor-widget-container\">\n\t\t\t\t\t\t\t\t\t\t\t\t\t\t\t<img loading=\"lazy\" decoding=\"async\" width=\"739\" height=\"415\" src=\"https:\/\/vincrea.com\/wp-content\/uploads\/2022\/06\/Foxnot-Gif2.gif\" class=\"attachment-large size-large wp-image-1241\" alt=\"FoxNot Extrait 2 Motion Design 2D\" style=\"width:100%;height:56.16%;max-width:739px\" \/>\t\t\t\t\t\t\t\t\t\t\t\t\t\t\t<\/div>\n\t\t\t\t<\/div>\n\t\t\t\t\t<\/div>\n\t\t<\/div>\n\t\t\t\t\t<\/div>\n\t\t<\/section>\n\t\t\t\t<section class=\"elementor-section elementor-top-section elementor-element elementor-element-5f81eaa elementor-section-boxed elementor-section-height-default elementor-section-height-default\" data-id=\"5f81eaa\" data-element_type=\"section\" data-e-type=\"section\">\n\t\t\t\t\t\t<div class=\"elementor-container elementor-column-gap-default\">\n\t\t\t\t\t<div class=\"elementor-column elementor-col-100 elementor-top-column elementor-element elementor-element-800d8b7\" data-id=\"800d8b7\" data-element_type=\"column\" data-e-type=\"column\">\n\t\t\t<div class=\"elementor-widget-wrap elementor-element-populated\">\n\t\t\t\t\t\t<div class=\"elementor-element elementor-element-1e89028 elementor-widget elementor-widget-image\" data-id=\"1e89028\" data-element_type=\"widget\" data-e-type=\"widget\" data-widget_type=\"image.default\">\n\t\t\t\t<div class=\"elementor-widget-container\">\n\t\t\t\t\t\t\t\t\t\t\t\t\t\t\t<img decoding=\"async\" src=\"https:\/\/vincrea.com\/wp-content\/uploads\/elementor\/thumbs\/logo_CMJN_FOXNOT-pqkz5rtljxcp4bmbk09eot46ymzco7xdsgj4bbfj60.png\" title=\"FoxNot Logo\" alt=\"FoxNot Logo\" loading=\"lazy\" \/>\t\t\t\t\t\t\t\t\t\t\t\t\t\t\t<\/div>\n\t\t\t\t<\/div>\n\t\t\t\t\t<\/div>\n\t\t<\/div>\n\t\t\t\t\t<\/div>\n\t\t<\/section>\n\t\t\t\t<section class=\"elementor-section elementor-top-section elementor-element elementor-element-e144cd5 elementor-section-boxed elementor-section-height-default elementor-section-height-default\" data-id=\"e144cd5\" data-element_type=\"section\" data-e-type=\"section\">\n\t\t\t\t\t\t<div class=\"elementor-container elementor-column-gap-default\">\n\t\t\t\t\t<div class=\"elementor-column elementor-col-100 elementor-top-column elementor-element elementor-element-86b09e9\" data-id=\"86b09e9\" data-element_type=\"column\" data-e-type=\"column\">\n\t\t\t<div class=\"elementor-widget-wrap elementor-element-populated\">\n\t\t\t\t\t\t<div class=\"elementor-element elementor-element-99cf3eb elementor-widget elementor-widget-heading\" data-id=\"99cf3eb\" data-element_type=\"widget\" data-e-type=\"widget\" data-widget_type=\"heading.default\">\n\t\t\t\t<div class=\"elementor-widget-container\">\n\t\t\t\t\t<h3 class=\"elementor-heading-title elementor-size-default\">Voir d'autres projets<\/h3>\t\t\t\t<\/div>\n\t\t\t\t<\/div>\n\t\t\t\t<section class=\"elementor-section elementor-inner-section elementor-element elementor-element-70d958d elementor-section-boxed elementor-section-height-default elementor-section-height-default\" data-id=\"70d958d\" data-element_type=\"section\" data-e-type=\"section\">\n\t\t\t\t\t\t<div class=\"elementor-container elementor-column-gap-default\">\n\t\t\t\t\t<div class=\"elementor-column elementor-col-50 elementor-inner-column elementor-element elementor-element-a24ee30\" data-id=\"a24ee30\" data-element_type=\"column\" data-e-type=\"column\">\n\t\t\t<div class=\"elementor-widget-wrap elementor-element-populated\">\n\t\t\t\t\t\t<div class=\"elementor-element elementor-element-c495844 menuContact elementor-animation-grow elementor-widget elementor-widget-heading\" data-id=\"c495844\" data-element_type=\"widget\" data-e-type=\"widget\" id=\"btn_hypnose\" data-widget_type=\"heading.default\">\n\t\t\t\t<div class=\"elementor-widget-container\">\n\t\t\t\t\t<div class=\"elementor-heading-title elementor-size-default\">1 jour 1 s\u00e9ance<\/div>\t\t\t\t<\/div>\n\t\t\t\t<\/div>\n\t\t\t\t\t<\/div>\n\t\t<\/div>\n\t\t\t\t<div class=\"elementor-column elementor-col-50 elementor-inner-column elementor-element elementor-element-4680e17\" data-id=\"4680e17\" data-element_type=\"column\" data-e-type=\"column\">\n\t\t\t<div class=\"elementor-widget-wrap elementor-element-populated\">\n\t\t\t\t\t\t<div class=\"elementor-element elementor-element-250a9ad menuContact elementor-animation-grow elementor-widget elementor-widget-heading\" data-id=\"250a9ad\" data-element_type=\"widget\" data-e-type=\"widget\" id=\"portfolio-button\" data-widget_type=\"heading.default\">\n\t\t\t\t<div class=\"elementor-widget-container\">\n\t\t\t\t\t<div class=\"elementor-heading-title elementor-size-default\">parcourir<\/div>\t\t\t\t<\/div>\n\t\t\t\t<\/div>\n\t\t\t\t\t<\/div>\n\t\t<\/div>\n\t\t\t\t\t<\/div>\n\t\t<\/section>\n\t\t\t\t\t<\/div>\n\t\t<\/div>\n\t\t\t\t\t<\/div>\n\t\t<\/section>\n\t\t\t\t<\/div>","protected":false},"excerpt":{"rendered":"<p>Les coulisses A l&rsquo;heure actuelle, la gestion de documents administratifs avec votre notaire est un v\u00e9ritable calvaire. Cela consiste \u00e0 regrouper et \u00e0 envoyer par mail tous vos documents sans \u00eatre s\u00fbr de leur bonne r\u00e9ception ni de leur validit\u00e9.&nbsp; Mme Fleurie est dans le m\u00eame cas mais a d\u00e9couvert FoxNot.&nbsp; Avec cette application web,&hellip; <a class=\"more-link\" href=\"https:\/\/vincrea.com\/en\/foxnot-motion-designer-freelance\/\">Continue reading <span class=\"screen-reader-text\">Foxnot<\/span><\/a><\/p>","protected":false},"author":1,"featured_media":0,"parent":0,"menu_order":0,"comment_status":"closed","ping_status":"closed","template":"elementor_header_footer","meta":{"footnotes":""},"class_list":["post-979","page","type-page","status-publish","hentry","entry"],"yoast_head":"<!-- This site is optimized with the Yoast SEO plugin v27.4 - https:\/\/yoast.com\/product\/yoast-seo-wordpress\/ -->\n<title>Foxnot - VinCrea - Motion Designer Freelance<\/title>\n<meta name=\"description\" content=\"S\u00e9rie de 3 vid\u00e9os en Motion Design r\u00e9alis\u00e9e pour FoxNot. Illustration et animation 2D\/3D r\u00e9alis\u00e9es par VinCrea.\" \/>\n<meta name=\"robots\" content=\"index, follow, max-snippet:-1, max-image-preview:large, max-video-preview:-1\" \/>\n<link rel=\"canonical\" href=\"https:\/\/vincrea.com\/en\/foxnot-motion-designer-freelance\/\" \/>\n<meta property=\"og:locale\" content=\"en_US\" \/>\n<meta property=\"og:type\" content=\"article\" \/>\n<meta property=\"og:title\" content=\"FoxNot - VinCrea Motion Designer Freelance\" \/>\n<meta property=\"og:description\" content=\"S\u00e9rie de 3 vid\u00e9os en Motion Design r\u00e9alis\u00e9e pour FoxNot. Illustration et animation 2D\/3D r\u00e9alis\u00e9es par VinCrea.\" \/>\n<meta property=\"og:url\" content=\"https:\/\/vincrea.com\/en\/foxnot-motion-designer-freelance\/\" \/>\n<meta property=\"og:site_name\" content=\"VinCrea - Motion Designer Freelance\" \/>\n<meta property=\"article:modified_time\" content=\"2022-12-06T08:33:43+00:00\" \/>\n<meta property=\"og:image\" content=\"https:\/\/vincrea.com\/wp-content\/uploads\/2022\/06\/thumbnail-foxnot.png\" \/>\n\t<meta property=\"og:image:width\" content=\"1201\" \/>\n\t<meta property=\"og:image:height\" content=\"883\" \/>\n\t<meta property=\"og:image:type\" content=\"image\/png\" \/>\n<meta name=\"twitter:label1\" content=\"Est. reading time\" \/>\n\t<meta name=\"twitter:data1\" content=\"2 minutes\" \/>\n<script type=\"application\/ld+json\" class=\"yoast-schema-graph\">{\"@context\":\"https:\\\/\\\/schema.org\",\"@graph\":[{\"@type\":\"WebPage\",\"@id\":\"https:\\\/\\\/vincrea.com\\\/foxnot-motion-designer-freelance\\\/\",\"url\":\"https:\\\/\\\/vincrea.com\\\/foxnot-motion-designer-freelance\\\/\",\"name\":\"Foxnot - VinCrea - Motion Designer Freelance\",\"isPartOf\":{\"@id\":\"https:\\\/\\\/vincrea.com\\\/#website\"},\"primaryImageOfPage\":{\"@id\":\"https:\\\/\\\/vincrea.com\\\/foxnot-motion-designer-freelance\\\/#primaryimage\"},\"image\":{\"@id\":\"https:\\\/\\\/vincrea.com\\\/foxnot-motion-designer-freelance\\\/#primaryimage\"},\"thumbnailUrl\":\"https:\\\/\\\/vincrea.com\\\/wp-content\\\/uploads\\\/2022\\\/06\\\/Dessins-2-Copie.png\",\"datePublished\":\"2022-06-20T07:14:31+00:00\",\"dateModified\":\"2022-12-06T08:33:43+00:00\",\"description\":\"S\u00e9rie de 3 vid\u00e9os en Motion Design r\u00e9alis\u00e9e pour FoxNot. Illustration et animation 2D\\\/3D r\u00e9alis\u00e9es par VinCrea.\",\"inLanguage\":\"en-US\",\"potentialAction\":[{\"@type\":\"ReadAction\",\"target\":[\"https:\\\/\\\/vincrea.com\\\/foxnot-motion-designer-freelance\\\/\"]}]},{\"@type\":\"ImageObject\",\"inLanguage\":\"en-US\",\"@id\":\"https:\\\/\\\/vincrea.com\\\/foxnot-motion-designer-freelance\\\/#primaryimage\",\"url\":\"https:\\\/\\\/vincrea.com\\\/wp-content\\\/uploads\\\/2022\\\/06\\\/Dessins-2-Copie.png\",\"contentUrl\":\"https:\\\/\\\/vincrea.com\\\/wp-content\\\/uploads\\\/2022\\\/06\\\/Dessins-2-Copie.png\"},{\"@type\":\"WebSite\",\"@id\":\"https:\\\/\\\/vincrea.com\\\/#website\",\"url\":\"https:\\\/\\\/vincrea.com\\\/\",\"name\":\"VinCrea - Motion Designer Freelance\",\"description\":\"\",\"publisher\":{\"@id\":\"https:\\\/\\\/vincrea.com\\\/#organization\"},\"potentialAction\":[{\"@type\":\"SearchAction\",\"target\":{\"@type\":\"EntryPoint\",\"urlTemplate\":\"https:\\\/\\\/vincrea.com\\\/?s={search_term_string}\"},\"query-input\":{\"@type\":\"PropertyValueSpecification\",\"valueRequired\":true,\"valueName\":\"search_term_string\"}}],\"inLanguage\":\"en-US\"},{\"@type\":\"Organization\",\"@id\":\"https:\\\/\\\/vincrea.com\\\/#organization\",\"name\":\"VinCrea - Motion Designer Freelance\",\"url\":\"https:\\\/\\\/vincrea.com\\\/\",\"logo\":{\"@type\":\"ImageObject\",\"inLanguage\":\"en-US\",\"@id\":\"https:\\\/\\\/vincrea.com\\\/#\\\/schema\\\/logo\\\/image\\\/\",\"url\":\"https:\\\/\\\/vincrea.com\\\/wp-content\\\/uploads\\\/2022\\\/04\\\/cropped-Favicon_V3.png\",\"contentUrl\":\"https:\\\/\\\/vincrea.com\\\/wp-content\\\/uploads\\\/2022\\\/04\\\/cropped-Favicon_V3.png\",\"width\":1000,\"height\":1000,\"caption\":\"VinCrea - Motion Designer Freelance\"},\"image\":{\"@id\":\"https:\\\/\\\/vincrea.com\\\/#\\\/schema\\\/logo\\\/image\\\/\"}}]}<\/script>\n<!-- \/ Yoast SEO plugin. -->","yoast_head_json":{"title":"Foxnot - VinCrea - Motion Designer Freelance","description":"S\u00e9rie de 3 vid\u00e9os en Motion Design r\u00e9alis\u00e9e pour FoxNot. Illustration et animation 2D\/3D r\u00e9alis\u00e9es par VinCrea.","robots":{"index":"index","follow":"follow","max-snippet":"max-snippet:-1","max-image-preview":"max-image-preview:large","max-video-preview":"max-video-preview:-1"},"canonical":"https:\/\/vincrea.com\/en\/foxnot-motion-designer-freelance\/","og_locale":"en_US","og_type":"article","og_title":"FoxNot - VinCrea Motion Designer Freelance","og_description":"S\u00e9rie de 3 vid\u00e9os en Motion Design r\u00e9alis\u00e9e pour FoxNot. Illustration et animation 2D\/3D r\u00e9alis\u00e9es par VinCrea.","og_url":"https:\/\/vincrea.com\/en\/foxnot-motion-designer-freelance\/","og_site_name":"VinCrea - Motion Designer Freelance","article_modified_time":"2022-12-06T08:33:43+00:00","og_image":[{"width":1201,"height":883,"url":"https:\/\/vincrea.com\/wp-content\/uploads\/2022\/06\/thumbnail-foxnot.png","type":"image\/png"}],"twitter_misc":{"Est. reading time":"2 minutes"},"schema":{"@context":"https:\/\/schema.org","@graph":[{"@type":"WebPage","@id":"https:\/\/vincrea.com\/foxnot-motion-designer-freelance\/","url":"https:\/\/vincrea.com\/foxnot-motion-designer-freelance\/","name":"Foxnot - VinCrea - Motion Designer Freelance","isPartOf":{"@id":"https:\/\/vincrea.com\/#website"},"primaryImageOfPage":{"@id":"https:\/\/vincrea.com\/foxnot-motion-designer-freelance\/#primaryimage"},"image":{"@id":"https:\/\/vincrea.com\/foxnot-motion-designer-freelance\/#primaryimage"},"thumbnailUrl":"https:\/\/vincrea.com\/wp-content\/uploads\/2022\/06\/Dessins-2-Copie.png","datePublished":"2022-06-20T07:14:31+00:00","dateModified":"2022-12-06T08:33:43+00:00","description":"S\u00e9rie de 3 vid\u00e9os en Motion Design r\u00e9alis\u00e9e pour FoxNot. Illustration et animation 2D\/3D r\u00e9alis\u00e9es par VinCrea.","inLanguage":"en-US","potentialAction":[{"@type":"ReadAction","target":["https:\/\/vincrea.com\/foxnot-motion-designer-freelance\/"]}]},{"@type":"ImageObject","inLanguage":"en-US","@id":"https:\/\/vincrea.com\/foxnot-motion-designer-freelance\/#primaryimage","url":"https:\/\/vincrea.com\/wp-content\/uploads\/2022\/06\/Dessins-2-Copie.png","contentUrl":"https:\/\/vincrea.com\/wp-content\/uploads\/2022\/06\/Dessins-2-Copie.png"},{"@type":"WebSite","@id":"https:\/\/vincrea.com\/#website","url":"https:\/\/vincrea.com\/","name":"VinCrea - Motion Designer Freelancer","description":"","publisher":{"@id":"https:\/\/vincrea.com\/#organization"},"potentialAction":[{"@type":"SearchAction","target":{"@type":"EntryPoint","urlTemplate":"https:\/\/vincrea.com\/?s={search_term_string}"},"query-input":{"@type":"PropertyValueSpecification","valueRequired":true,"valueName":"search_term_string"}}],"inLanguage":"en-US"},{"@type":"Organization","@id":"https:\/\/vincrea.com\/#organization","name":"VinCrea - Motion Designer Freelancer","url":"https:\/\/vincrea.com\/","logo":{"@type":"ImageObject","inLanguage":"en-US","@id":"https:\/\/vincrea.com\/#\/schema\/logo\/image\/","url":"https:\/\/vincrea.com\/wp-content\/uploads\/2022\/04\/cropped-Favicon_V3.png","contentUrl":"https:\/\/vincrea.com\/wp-content\/uploads\/2022\/04\/cropped-Favicon_V3.png","width":1000,"height":1000,"caption":"VinCrea - Motion Designer Freelance"},"image":{"@id":"https:\/\/vincrea.com\/#\/schema\/logo\/image\/"}}]}},"_links":{"self":[{"href":"https:\/\/vincrea.com\/en\/wp-json\/wp\/v2\/pages\/979","targetHints":{"allow":["GET"]}}],"collection":[{"href":"https:\/\/vincrea.com\/en\/wp-json\/wp\/v2\/pages"}],"about":[{"href":"https:\/\/vincrea.com\/en\/wp-json\/wp\/v2\/types\/page"}],"author":[{"embeddable":true,"href":"https:\/\/vincrea.com\/en\/wp-json\/wp\/v2\/users\/1"}],"replies":[{"embeddable":true,"href":"https:\/\/vincrea.com\/en\/wp-json\/wp\/v2\/comments?post=979"}],"version-history":[{"count":24,"href":"https:\/\/vincrea.com\/en\/wp-json\/wp\/v2\/pages\/979\/revisions"}],"predecessor-version":[{"id":1338,"href":"https:\/\/vincrea.com\/en\/wp-json\/wp\/v2\/pages\/979\/revisions\/1338"}],"wp:attachment":[{"href":"https:\/\/vincrea.com\/en\/wp-json\/wp\/v2\/media?parent=979"}],"curies":[{"name":"wp","href":"https:\/\/api.w.org\/{rel}","templated":true}]}}